{"id":1060,"date":"2024-06-10T10:50:55","date_gmt":"2024-06-10T08:50:55","guid":{"rendered":"https:\/\/handisportelite.com\/?page_id=1060"},"modified":"2025-10-23T17:17:06","modified_gmt":"2025-10-23T15:17:06","slug":"actualites","status":"publish","type":"page","link":"https:\/\/handisportelite.com\/index.php\/actualites\/","title":{"rendered":"Actualit\u00e9s"},"content":{"rendered":"\t\t<div data-elementor-type=\"wp-page\" data-elementor-id=\"1060\" class=\"elementor elementor-1060\">\n\t\t\t\t<div class=\"elementor-element elementor-element-02b7863 e-flex e-con-boxed e-con e-parent\" data-id=\"02b7863\" data-element_type=\"container\">\n\t\t\t\t\t<div class=\"e-con-inner\">\n\t\t\t\t\t<\/div>\n\t\t\t\t<\/div>\n\t\t<div class=\"elementor-element elementor-element-504839e e-flex e-con-boxed e-con e-parent\" data-id=\"504839e\" data-element_type=\"container\">\n\t\t\t\t\t<div class=\"e-con-inner\">\n\t\t\t\t<div class=\"elementor-element elementor-element-9228cd6 elementor-widget elementor-widget-wp-widget-ocean_recent_posts\" data-id=\"9228cd6\" data-element_type=\"widget\" data-widget_type=\"wp-widget-ocean_recent_posts.default\">\n\t\t\t\t<div class=\"elementor-widget-container\">\n\t\t\t<h5>Toute l&rsquo;actualit\u00e9s Handisport \u00c9lite<\/h5>\r\n\t\t\t\t<ul class=\"oceanwp-recent-posts clr\">\r\n\r\n\t\t\t\t\t\r\n\t\t\t\t\t\t\t<li class=\"clr\">\r\n\r\n\t\t\t\t\t\t\t\t\t\t\t\t\t\t\t\t\t<a href=\"https:\/\/handisportelite.com\/index.php\/2025\/10\/09\/trophee-des-etudiants-sqy\/\" title=\"Handisport \u00c9lite au Troph\u00e9e des \u00c9tudiants de SQY : une journ\u00e9e sportive, inclusive et inspirante\" class=\"recent-posts-thumbnail\">\r\n\t\t\t\t\t\t\t\t\t\t<img decoding=\"async\" width=\"150\" height=\"150\" src=\"https:\/\/handisportelite.com\/wp-content\/uploads\/2025\/10\/Visuel-1200x630-Trophee-etudiant-150x150.jpg\" class=\"attachment-thumbnail size-thumbnail wp-post-image\" alt=\"Handisport \u00c9lite au Troph\u00e9e des \u00c9tudiants de SQY : une journ\u00e9e sportive, inclusive et inspirante\" itemprop=\"image\" \/>\r\n\t\t\t\t\t\t\t\t\t\t<span class=\"overlay\"><\/span>\r\n\t\t\t\t\t\t\t\t\t<\/a>\r\n\t\t\t\t\t\t\t\t\r\n\t\t\t\t\t\t\t\t<div class=\"recent-posts-details clr\">\r\n\r\n\t\t\t\t\t\t\t\t\t<div class=\"recent-posts-details-inner clr\">\r\n\r\n\t\t\t\t\t\t\t\t\t\t<a href=\"https:\/\/handisportelite.com\/index.php\/2025\/10\/09\/trophee-des-etudiants-sqy\/\" class=\"recent-posts-title\">Handisport \u00c9lite au Troph\u00e9e des \u00c9tudiants de SQY : une journ\u00e9e sportive, inclusive et inspirante<\/a>\r\n\r\n\t\t\t\t\t\t\t\t\t\t<div class=\"recent-posts-info clr\">\r\n\t\t\t\t\t\t\t\t\t\t\t<div class=\"recent-posts-date\">9 octobre 2025<span class=\"sep\">\/<\/span><\/div>\r\n\t\t\t\t\t\t\t\t\t\t\t<div class=\"recent-posts-comments\"><a href=\"https:\/\/handisportelite.com\/index.php\/2025\/10\/09\/trophee-des-etudiants-sqy\/#respond\">0 Comments<\/a><\/div>\r\n\t\t\t\t\t\t\t\t\t\t<\/div>\r\n\r\n\t\t\t\t\t\t\t\t\t<\/div>\r\n\r\n\t\t\t\t\t\t\t\t<\/div>\r\n\r\n\t\t\t\t\t\t\t<\/li>\r\n\r\n\t\t\t\t\t\t\r\n\t\t\t\t\t\t\t<li class=\"clr\">\r\n\r\n\t\t\t\t\t\t\t\t\t\t\t\t\t\t\t\t\t<a href=\"https:\/\/handisportelite.com\/index.php\/2025\/10\/10\/coca-cola-prix-des-projets-associatifs\/\" title=\"Handisport \u00c9lite r\u00e9compens\u00e9e par Coca-Cola lors des Prix des Projets Associatifs 2025\" class=\"recent-posts-thumbnail\">\r\n\t\t\t\t\t\t\t\t\t\t<img decoding=\"async\" width=\"150\" height=\"150\" src=\"https:\/\/handisportelite.com\/wp-content\/uploads\/2025\/10\/WhatsApp-Image-2025-10-17-at-18.42.35-2-150x150.jpeg\" class=\"attachment-thumbnail size-thumbnail wp-post-image\" alt=\"Handisport \u00c9lite r\u00e9compens\u00e9e par Coca-Cola lors des Prix des Projets Associatifs 2025\" itemprop=\"image\" srcset=\"https:\/\/handisportelite.com\/wp-content\/uploads\/2025\/10\/WhatsApp-Image-2025-10-17-at-18.42.35-2-150x150.jpeg 150w, https:\/\/handisportelite.com\/wp-content\/uploads\/2025\/10\/WhatsApp-Image-2025-10-17-at-18.42.35-2-600x600.jpeg 600w\" sizes=\"(max-width: 150px) 100vw, 150px\" \/>\r\n\t\t\t\t\t\t\t\t\t\t<span class=\"overlay\"><\/span>\r\n\t\t\t\t\t\t\t\t\t<\/a>\r\n\t\t\t\t\t\t\t\t\r\n\t\t\t\t\t\t\t\t<div class=\"recent-posts-details clr\">\r\n\r\n\t\t\t\t\t\t\t\t\t<div class=\"recent-posts-details-inner clr\">\r\n\r\n\t\t\t\t\t\t\t\t\t\t<a href=\"https:\/\/handisportelite.com\/index.php\/2025\/10\/10\/coca-cola-prix-des-projets-associatifs\/\" class=\"recent-posts-title\">Handisport \u00c9lite r\u00e9compens\u00e9e par Coca-Cola lors des Prix des Projets Associatifs 2025<\/a>\r\n\r\n\t\t\t\t\t\t\t\t\t\t<div class=\"recent-posts-info clr\">\r\n\t\t\t\t\t\t\t\t\t\t\t<div class=\"recent-posts-date\">10 octobre 2025<span class=\"sep\">\/<\/span><\/div>\r\n\t\t\t\t\t\t\t\t\t\t\t<div class=\"recent-posts-comments\"><a href=\"https:\/\/handisportelite.com\/index.php\/2025\/10\/10\/coca-cola-prix-des-projets-associatifs\/#respond\">0 Comments<\/a><\/div>\r\n\t\t\t\t\t\t\t\t\t\t<\/div>\r\n\r\n\t\t\t\t\t\t\t\t\t<\/div>\r\n\r\n\t\t\t\t\t\t\t\t<\/div>\r\n\r\n\t\t\t\t\t\t\t<\/li>\r\n\r\n\t\t\t\t\t\t\r\n\t\t\t\t\t\r\n\t\t\t\t<\/ul>\r\n\r\n\t\t\t\t\r\n\t\t\t\t\t<\/div>\n\t\t\t\t<\/div>\n\t\t\t\t\t<\/div>\n\t\t\t\t<\/div>\n\t\t\t\t<\/div>\n\t\t","protected":false},"excerpt":{"rendered":"","protected":false},"author":1,"featured_media":0,"parent":0,"menu_order":0,"comment_status":"closed","ping_status":"closed","template":"","meta":{"ocean_post_layout":"","ocean_both_sidebars_style":"","ocean_both_sidebars_content_width":0,"ocean_both_sidebars_sidebars_width":0,"ocean_sidebar":"","ocean_second_sidebar":"","ocean_disable_margins":"enable","ocean_add_body_class":"","ocean_shortcode_before_top_bar":"","ocean_shortcode_after_top_bar":"","ocean_shortcode_before_header":"","ocean_shortcode_after_header":"","ocean_has_shortcode":"","ocean_shortcode_after_title":"","ocean_shortcode_before_footer_widgets":"","ocean_shortcode_after_footer_widgets":"","ocean_shortcode_before_footer_bottom":"","ocean_shortcode_after_footer_bottom":"","ocean_display_top_bar":"default","ocean_display_header":"default","ocean_header_style":"","ocean_center_header_left_menu":"","ocean_custom_header_template":"","ocean_custom_logo":0,"ocean_custom_retina_logo":0,"ocean_custom_logo_max_width":0,"ocean_custom_logo_tablet_max_width":0,"ocean_custom_logo_mobile_max_width":0,"ocean_custom_logo_max_height":0,"ocean_custom_logo_tablet_max_height":0,"ocean_custom_logo_mobile_max_height":0,"ocean_header_custom_menu":"","ocean_menu_typo_font_family":"","ocean_menu_typo_font_subset":"","ocean_menu_typo_font_size":0,"ocean_menu_typo_font_size_tablet":0,"ocean_menu_typo_font_size_mobile":0,"ocean_menu_typo_font_size_unit":"px","ocean_menu_typo_font_weight":"","ocean_menu_typo_font_weight_tablet":"","ocean_menu_typo_font_weight_mobile":"","ocean_menu_typo_transform":"","ocean_menu_typo_transform_tablet":"","ocean_menu_typo_transform_mobile":"","ocean_menu_typo_line_height":0,"ocean_menu_typo_line_height_tablet":0,"ocean_menu_typo_line_height_mobile":0,"ocean_menu_typo_line_height_unit":"","ocean_menu_typo_spacing":0,"ocean_menu_typo_spacing_tablet":0,"ocean_menu_typo_spacing_mobile":0,"ocean_menu_typo_spacing_unit":"","ocean_menu_link_color":"","ocean_menu_link_color_hover":"","ocean_menu_link_color_active":"","ocean_menu_link_background":"","ocean_menu_link_hover_background":"","ocean_menu_link_active_background":"","ocean_menu_social_links_bg":"","ocean_menu_social_hover_links_bg":"","ocean_menu_social_links_color":"","ocean_menu_social_hover_links_color":"","ocean_disable_title":"default","ocean_disable_heading":"default","ocean_post_title":"","ocean_post_subheading":"","ocean_post_title_style":"","ocean_post_title_background_color":"","ocean_post_title_background":0,"ocean_post_title_bg_image_position":"","ocean_post_title_bg_image_attachment":"","ocean_post_title_bg_image_repeat":"","ocean_post_title_bg_image_size":"","ocean_post_title_height":0,"ocean_post_title_bg_overlay":0.5,"ocean_post_title_bg_overlay_color":"","ocean_disable_breadcrumbs":"default","ocean_breadcrumbs_color":"","ocean_breadcrumbs_separator_color":"","ocean_breadcrumbs_links_color":"","ocean_breadcrumbs_links_hover_color":"","ocean_display_footer_widgets":"default","ocean_display_footer_bottom":"default","ocean_custom_footer_template":"","footnotes":""},"yoast_head":"<!-- This site is optimized with the Yoast SEO plugin v22.5 - https:\/\/yoast.com\/wordpress\/plugins\/seo\/ -->\n<title>Actualit\u00e9s - HSE<\/title>\n<meta name=\"robots\" content=\"index, follow, max-snippet:-1, max-image-preview:large, max-video-preview:-1\" \/>\n<link rel=\"canonical\" href=\"https:\/\/handisportelite.com\/index.php\/actualites\/\" \/>\n<meta property=\"og:locale\" content=\"fr_FR\" \/>\n<meta property=\"og:type\" content=\"article\" \/>\n<meta property=\"og:title\" content=\"Actualit\u00e9s - HSE\" \/>\n<meta property=\"og:url\" content=\"https:\/\/handisportelite.com\/index.php\/actualites\/\" \/>\n<meta property=\"og:site_name\" content=\"HSE\" \/>\n<meta property=\"article:modified_time\" content=\"2025-10-23T15:17:06+00:00\" \/>\n<meta name=\"twitter:card\" content=\"summary_large_image\" \/>\n<meta name=\"twitter:label1\" content=\"Dur\u00e9e de lecture est.\" \/>\n\t<meta name=\"twitter:data1\" content=\"1 minute\" \/>\n<script type=\"application\/ld+json\" class=\"yoast-schema-graph\">{\"@context\":\"https:\/\/schema.org\",\"@graph\":[{\"@type\":\"WebPage\",\"@id\":\"https:\/\/handisportelite.com\/index.php\/actualites\/\",\"url\":\"https:\/\/handisportelite.com\/index.php\/actualites\/\",\"name\":\"Actualit\u00e9s - HSE\",\"isPartOf\":{\"@id\":\"https:\/\/handisportelite.com\/#website\"},\"datePublished\":\"2024-06-10T08:50:55+00:00\",\"dateModified\":\"2025-10-23T15:17:06+00:00\",\"breadcrumb\":{\"@id\":\"https:\/\/handisportelite.com\/index.php\/actualites\/#breadcrumb\"},\"inLanguage\":\"fr-BE\",\"potentialAction\":[{\"@type\":\"ReadAction\",\"target\":[\"https:\/\/handisportelite.com\/index.php\/actualites\/\"]}]},{\"@type\":\"BreadcrumbList\",\"@id\":\"https:\/\/handisportelite.com\/index.php\/actualites\/#breadcrumb\",\"itemListElement\":[{\"@type\":\"ListItem\",\"position\":1,\"name\":\"Accueil\",\"item\":\"https:\/\/handisportelite.com\/\"},{\"@type\":\"ListItem\",\"position\":2,\"name\":\"Actualit\u00e9s\"}]},{\"@type\":\"WebSite\",\"@id\":\"https:\/\/handisportelite.com\/#website\",\"url\":\"https:\/\/handisportelite.com\/\",\"name\":\"HSE\",\"description\":\"HSE\",\"publisher\":{\"@id\":\"https:\/\/handisportelite.com\/#organization\"},\"potentialAction\":[{\"@type\":\"SearchAction\",\"target\":{\"@type\":\"EntryPoint\",\"urlTemplate\":\"https:\/\/handisportelite.com\/?s={search_term_string}\"},\"query-input\":\"required name=search_term_string\"}],\"inLanguage\":\"fr-BE\"},{\"@type\":\"Organization\",\"@id\":\"https:\/\/handisportelite.com\/#organization\",\"name\":\"HSE\",\"url\":\"https:\/\/handisportelite.com\/\",\"logo\":{\"@type\":\"ImageObject\",\"inLanguage\":\"fr-BE\",\"@id\":\"https:\/\/handisportelite.com\/#\/schema\/logo\/image\/\",\"url\":\"https:\/\/handisportelite.com\/wp-content\/uploads\/2024\/01\/cropped-LOGO.png\",\"contentUrl\":\"https:\/\/handisportelite.com\/wp-content\/uploads\/2024\/01\/cropped-LOGO.png\",\"width\":258,\"height\":285,\"caption\":\"HSE\"},\"image\":{\"@id\":\"https:\/\/handisportelite.com\/#\/schema\/logo\/image\/\"}}]}<\/script>\n<!-- \/ Yoast SEO plugin. -->","yoast_head_json":{"title":"Actualit\u00e9s - HSE","robots":{"index":"index","follow":"follow","max-snippet":"max-snippet:-1","max-image-preview":"max-image-preview:large","max-video-preview":"max-video-preview:-1"},"canonical":"https:\/\/handisportelite.com\/index.php\/actualites\/","og_locale":"fr_FR","og_type":"article","og_title":"Actualit\u00e9s - HSE","og_url":"https:\/\/handisportelite.com\/index.php\/actualites\/","og_site_name":"HSE","article_modified_time":"2025-10-23T15:17:06+00:00","twitter_card":"summary_large_image","twitter_misc":{"Dur\u00e9e de lecture est.":"1 minute"},"schema":{"@context":"https:\/\/schema.org","@graph":[{"@type":"WebPage","@id":"https:\/\/handisportelite.com\/index.php\/actualites\/","url":"https:\/\/handisportelite.com\/index.php\/actualites\/","name":"Actualit\u00e9s - HSE","isPartOf":{"@id":"https:\/\/handisportelite.com\/#website"},"datePublished":"2024-06-10T08:50:55+00:00","dateModified":"2025-10-23T15:17:06+00:00","breadcrumb":{"@id":"https:\/\/handisportelite.com\/index.php\/actualites\/#breadcrumb"},"inLanguage":"fr-BE","potentialAction":[{"@type":"ReadAction","target":["https:\/\/handisportelite.com\/index.php\/actualites\/"]}]},{"@type":"BreadcrumbList","@id":"https:\/\/handisportelite.com\/index.php\/actualites\/#breadcrumb","itemListElement":[{"@type":"ListItem","position":1,"name":"Accueil","item":"https:\/\/handisportelite.com\/"},{"@type":"ListItem","position":2,"name":"Actualit\u00e9s"}]},{"@type":"WebSite","@id":"https:\/\/handisportelite.com\/#website","url":"https:\/\/handisportelite.com\/","name":"HSE","description":"HSE","publisher":{"@id":"https:\/\/handisportelite.com\/#organization"},"potentialAction":[{"@type":"SearchAction","target":{"@type":"EntryPoint","urlTemplate":"https:\/\/handisportelite.com\/?s={search_term_string}"},"query-input":"required name=search_term_string"}],"inLanguage":"fr-BE"},{"@type":"Organization","@id":"https:\/\/handisportelite.com\/#organization","name":"HSE","url":"https:\/\/handisportelite.com\/","logo":{"@type":"ImageObject","inLanguage":"fr-BE","@id":"https:\/\/handisportelite.com\/#\/schema\/logo\/image\/","url":"https:\/\/handisportelite.com\/wp-content\/uploads\/2024\/01\/cropped-LOGO.png","contentUrl":"https:\/\/handisportelite.com\/wp-content\/uploads\/2024\/01\/cropped-LOGO.png","width":258,"height":285,"caption":"HSE"},"image":{"@id":"https:\/\/handisportelite.com\/#\/schema\/logo\/image\/"}}]}},"_links":{"self":[{"href":"https:\/\/handisportelite.com\/index.php\/wp-json\/wp\/v2\/pages\/1060"}],"collection":[{"href":"https:\/\/handisportelite.com\/index.php\/wp-json\/wp\/v2\/pages"}],"about":[{"href":"https:\/\/handisportelite.com\/index.php\/wp-json\/wp\/v2\/types\/page"}],"author":[{"embeddable":true,"href":"https:\/\/handisportelite.com\/index.php\/wp-json\/wp\/v2\/users\/1"}],"replies":[{"embeddable":true,"href":"https:\/\/handisportelite.com\/index.php\/wp-json\/wp\/v2\/comments?post=1060"}],"version-history":[{"count":4,"href":"https:\/\/handisportelite.com\/index.php\/wp-json\/wp\/v2\/pages\/1060\/revisions"}],"predecessor-version":[{"id":1188,"href":"https:\/\/handisportelite.com\/index.php\/wp-json\/wp\/v2\/pages\/1060\/revisions\/1188"}],"wp:attachment":[{"href":"https:\/\/handisportelite.com\/index.php\/wp-json\/wp\/v2\/media?parent=1060"}],"curies":[{"name":"wp","href":"https:\/\/api.w.org\/{rel}","templated":true}]}}